{"id":20,"date":"2022-12-22T09:19:42","date_gmt":"2022-12-22T09:19:42","guid":{"rendered":"https:\/\/pulidoscordoba.es\/?page_id=20"},"modified":"2022-12-22T22:52:49","modified_gmt":"2022-12-22T22:52:49","slug":"acerca-de","status":"publish","type":"page","link":"https:\/\/pulidoscordoba.es\/?page_id=20","title":{"rendered":"Acerca de"},"content":{"rendered":"\n<p>Desde el a\u00f1o 2001, Pulidos C\u00f3rdoba sigue actualiz\u00e1ndose a las exigencias del mercado para poder ofrecer a nuestros clientes los mejores acabados.<\/p>\n\n\n\n<p>Disponemos de las maquinarias y productos adecuados para cada tratamiento.<\/p>\n\n\n\n<p>No dude en ponerse en contacto con nosotros y solicitar un presupuesto sin compromiso.<\/p>\n","protected":false},"excerpt":{"rendered":"<p>Desde el a\u00f1o 2001, Pulidos C\u00f3rdoba sigue actualiz\u00e1ndose a las exigencias del mercado para poder ofrecer a nuestros clientes los mejores acabados. Disponemos de las maquinarias y productos adecuados para cada tratamiento. No dude en ponerse en contacto con nosotros y solicitar un presupuesto sin compromiso.<\/p>\n","protected":false},"author":1,"featured_media":10,"parent":0,"menu_order":0,"comment_status":"closed","ping_status":"closed","template":"","meta":{"_joinchat":[]},"_links":{"self":[{"href":"https:\/\/pulidoscordoba.es\/index.php?rest_route=\/wp\/v2\/pages\/20"}],"collection":[{"href":"https:\/\/pulidoscordoba.es\/index.php?rest_route=\/wp\/v2\/pages"}],"about":[{"href":"https:\/\/pulidoscordoba.es\/index.php?rest_route=\/wp\/v2\/types\/page"}],"author":[{"embeddable":true,"href":"https:\/\/pulidoscordoba.es\/index.php?rest_route=\/wp\/v2\/users\/1"}],"replies":[{"embeddable":true,"href":"https:\/\/pulidoscordoba.es\/index.php?rest_route=%2Fwp%2Fv2%2Fcomments&post=20"}],"version-history":[{"count":2,"href":"https:\/\/pulidoscordoba.es\/index.php?rest_route=\/wp\/v2\/pages\/20\/revisions"}],"predecessor-version":[{"id":52,"href":"https:\/\/pulidoscordoba.es\/index.php?rest_route=\/wp\/v2\/pages\/20\/revisions\/52"}],"wp:featuredmedia":[{"embeddable":true,"href":"https:\/\/pulidoscordoba.es\/index.php?rest_route=\/wp\/v2\/media\/10"}],"wp:attachment":[{"href":"https:\/\/pulidoscordoba.es\/index.php?rest_route=%2Fwp%2Fv2%2Fmedia&parent=20"}],"curies":[{"name":"wp","href":"https:\/\/api.w.org\/{rel}","templated":true}]}}